{"id":506,"date":"2019-02-19T21:11:18","date_gmt":"2019-02-19T19:11:18","guid":{"rendered":"https:\/\/www.bbdjteam.si\/?page_id=506"},"modified":"2019-03-13T21:03:58","modified_gmt":"2019-03-13T19:03:58","slug":"repertoar","status":"publish","type":"page","link":"https:\/\/www.bbdjteam.si\/?page_id=506","title":{"rendered":"Glasbeni izbor"},"content":{"rendered":"\n<h4 style=\"text-align: justify;\">Ena glavnih <strong>prednosti DJ-a<\/strong> na va\u0161i zabavi je definitivno sam nabor glasbe. Za vsako prireditev, vsako poroko ali vsako rojstno-dnevno zabavo se priredi repertoar <strong>\u017eeljam naro\u010dnika<\/strong>.<\/h4>\n<h4 style=\"text-align: justify;\">Na voljo so prakti\u010dno <strong>vse zvrsti<\/strong>, saj DJ ni glasbeno omejen in lahko izpolni \u0161e tako zahteven izbor glasbe. DJ vam bo predvajal <strong>originalne verzije<\/strong> skladb vseh zvrsti po va\u0161em izboru.<\/h4>\n<h4 style=\"text-align: justify;\">Z Dj-em se tudi dogovorite katere skladbe ne smejo manjkati na va\u0161i zabavi, kar daje dodano vrednost vsaki zabavi. Tako ne manjkajo najljub\u0161e pesmi mladoporo\u010dencev ali dolo\u010deni hiti Abrahama iz njihove mladosti.<\/h4>\n<h4 style=\"text-align: justify;\">Dolo\u010dene zabave so zato bolj Narodno-Zabavno obarvane, druge bolj v disco 80&#8217;s ritmih, spet tretje neka me\u0161anica za vse okuse, za staro in mlado.<\/h4>\n<h4 style=\"text-align: justify;\">Z naro\u010dnikom se dogovoriva za glasbeno rde\u010do nit zabave, ostalo pa je prepu\u0161\u010deno DJ-evem izboru, ki sovpada v vnaprej dogovorjen \u017eanerski specter &#8211; torej DJ deluje po ob\u010dutku glede na dogajanje na plesi\u0161\u010du oziroma glede na trenutno razpolo\u017eenje gostov.<\/h4>\n<p>&nbsp;<\/p>\n<p><img loading=\"lazy\" decoding=\"async\" class=\" wp-image-121 aligncenter\" src=\"https:\/\/www.bbdjteam.si\/wp-content\/uploads\/2018\/10\/bb_djteam_logo_round.png\" alt=\"\" width=\"172\" height=\"172\"><\/p>\n","protected":false},"excerpt":{"rendered":"<p>Ena glavnih prednosti DJ-a na va\u0161i zabavi je definitivno sam nabor glasbe. Za vsako prireditev, vsako poroko ali vsako rojstno-dnevno [&hellip;]<\/p>\n","protected":false},"author":1,"featured_media":0,"parent":0,"menu_order":0,"comment_status":"closed","ping_status":"closed","template":"","meta":{"site-sidebar-layout":"default","site-content-layout":"","ast-site-content-layout":"default","site-content-style":"default","site-sidebar-style":"default","ast-global-header-display":"","ast-banner-title-visibility":"","ast-main-header-display":"","ast-hfb-above-header-display":"","ast-hfb-below-header-display":"","ast-hfb-mobile-header-display":"","site-post-title":"","ast-breadcrumbs-content":"","ast-featured-img":"","footer-sml-layout":"","ast-disable-related-posts":"","theme-transparent-header-meta":"","adv-header-id-meta":"","stick-header-meta":"","header-above-stick-meta":"","header-main-stick-meta":"","header-below-stick-meta":"","astra-migrate-meta-layouts":"default","ast-page-background-enabled":"default","ast-page-background-meta":{"desktop":{"background-color":"var(--ast-global-color-5)","background-image":"","background-repeat":"repeat","background-position":"center center","background-size":"auto","background-attachment":"scroll","background-type":"","background-media":"","overlay-type":"","overlay-color":"","overlay-opacity":"","overlay-gradient":""},"tablet":{"background-color":"","background-image":"","background-repeat":"repeat","background-position":"center center","background-size":"auto","background-attachment":"scroll","background-type":"","background-media":"","overlay-type":"","overlay-color":"","overlay-opacity":"","overlay-gradient":""},"mobile":{"background-color":"","background-image":"","background-repeat":"repeat","background-position":"center center","background-size":"auto","background-attachment":"scroll","background-type":"","background-media":"","overlay-type":"","overlay-color":"","overlay-opacity":"","overlay-gradient":""}},"ast-content-background-meta":{"desktop":{"background-color":"var(--ast-global-color-4)","background-image":"","background-repeat":"repeat","background-position":"center center","background-size":"auto","background-attachment":"scroll","background-type":"","background-media":"","overlay-type":"","overlay-color":"","overlay-opacity":"","overlay-gradient":""},"tablet":{"background-color":"var(--ast-global-color-4)","background-image":"","background-repeat":"repeat","background-position":"center center","background-size":"auto","background-attachment":"scroll","background-type":"","background-media":"","overlay-type":"","overlay-color":"","overlay-opacity":"","overlay-gradient":""},"mobile":{"background-color":"var(--ast-global-color-4)","background-image":"","background-repeat":"repeat","background-position":"center center","background-size":"auto","background-attachment":"scroll","background-type":"","background-media":"","overlay-type":"","overlay-color":"","overlay-opacity":"","overlay-gradient":""}},"footnotes":""},"class_list":["post-506","page","type-page","status-publish","hentry"],"_links":{"self":[{"href":"https:\/\/www.bbdjteam.si\/index.php?rest_route=\/wp\/v2\/pages\/506","targetHints":{"allow":["GET"]}}],"collection":[{"href":"https:\/\/www.bbdjteam.si\/index.php?rest_route=\/wp\/v2\/pages"}],"about":[{"href":"https:\/\/www.bbdjteam.si\/index.php?rest_route=\/wp\/v2\/types\/page"}],"author":[{"embeddable":true,"href":"https:\/\/www.bbdjteam.si\/index.php?rest_route=\/wp\/v2\/users\/1"}],"replies":[{"embeddable":true,"href":"https:\/\/www.bbdjteam.si\/index.php?rest_route=%2Fwp%2Fv2%2Fcomments&post=506"}],"version-history":[{"count":0,"href":"https:\/\/www.bbdjteam.si\/index.php?rest_route=\/wp\/v2\/pages\/506\/revisions"}],"wp:attachment":[{"href":"https:\/\/www.bbdjteam.si\/index.php?rest_route=%2Fwp%2Fv2%2Fmedia&parent=506"}],"curies":[{"name":"wp","href":"https:\/\/api.w.org\/{rel}","templated":true}]}}