{"id":496,"date":"2019-02-19T21:05:02","date_gmt":"2019-02-19T19:05:02","guid":{"rendered":"https:\/\/www.bbdjteam.si\/?page_id=496"},"modified":"2021-12-22T11:56:09","modified_gmt":"2021-12-22T09:56:09","slug":"zakljucne-zabave-seminarjev-in-kongresov","status":"publish","type":"page","link":"https:\/\/www.bbdjteam.si\/?page_id=496","title":{"rendered":"Zaklju\u010dne zabave seminarjev in kongresov"},"content":{"rendered":"\n<h4 style=\"text-align: justify;\">Ponavadi je zve\u010der, po zadnjem predavanju \u0161e zaklju\u010dna ve\u010derja, ki jo organizira organizator v domeni hotela. <br \/>Po ve\u010derji se priredi zabava s plesom seveda z glasbeno podlago po \u017eelji naro\u010dnika. Rde\u010da nit zabave je dru\u017eenje in vzdr\u017eevanje prijateljskih <br \/>vezi med udele\u017eenci z namenom vzpostaviti dobro po\u010dutje na zadnji dan seminarja.<\/h4>\n<h4 style=\"text-align: justify;\">Tak\u0161ni zaklju\u010dki so res nekaj posebnega in vsekakor pomemben del vsakega kvalitetnega in dobro organiziranega seminarja, na katere se udele\u017eenci radi vra\u010dajo vsako leto znova&#8230;.<\/h4>\n<p><img loading=\"lazy\" decoding=\"async\" class=\"size-full wp-image-121 aligncenter\" src=\"https:\/\/www.bbdjteam.si\/wp-content\/uploads\/2018\/10\/bb_djteam_logo_round.png\" alt=\"\" width=\"150\" height=\"150\" \/><\/p>\n<div id='gallery-1' class='gallery galleryid-496 gallery-columns-3 gallery-size-small'><figure class='gallery-item'>\n\t\t\t<div class='gallery-icon landscape'>\n\t\t\t\t<img loading=\"lazy\" decoding=\"async\" width=\"270\" height=\"270\" src=\"https:\/\/www.bbdjteam.si\/wp-content\/uploads\/2019\/03\/20190308_215359-270x270.jpg\" class=\"attachment-small size-small\" alt=\"\" srcset=\"https:\/\/www.bbdjteam.si\/wp-content\/uploads\/2019\/03\/20190308_215359-270x270.jpg 270w, https:\/\/www.bbdjteam.si\/wp-content\/uploads\/2019\/03\/20190308_215359-150x150.jpg 150w\" sizes=\"auto, (max-width: 270px) 100vw, 270px\" \/>\n\t\t\t<\/div><\/figure><figure class='gallery-item'>\n\t\t\t<div class='gallery-icon landscape'>\n\t\t\t\t<img loading=\"lazy\" decoding=\"async\" width=\"270\" height=\"270\" src=\"https:\/\/www.bbdjteam.si\/wp-content\/uploads\/2020\/04\/20191213_200659-270x270.jpg\" class=\"attachment-small size-small\" alt=\"\" srcset=\"https:\/\/www.bbdjteam.si\/wp-content\/uploads\/2020\/04\/20191213_200659-270x270.jpg 270w, https:\/\/www.bbdjteam.si\/wp-content\/uploads\/2020\/04\/20191213_200659-150x150.jpg 150w\" sizes=\"auto, (max-width: 270px) 100vw, 270px\" \/>\n\t\t\t<\/div><\/figure><figure class='gallery-item'>\n\t\t\t<div class='gallery-icon landscape'>\n\t\t\t\t<img loading=\"lazy\" decoding=\"async\" width=\"270\" height=\"270\" src=\"https:\/\/www.bbdjteam.si\/wp-content\/uploads\/2019\/03\/20190308_214854-270x270.jpg\" class=\"attachment-small size-small\" alt=\"\" srcset=\"https:\/\/www.bbdjteam.si\/wp-content\/uploads\/2019\/03\/20190308_214854-270x270.jpg 270w, https:\/\/www.bbdjteam.si\/wp-content\/uploads\/2019\/03\/20190308_214854-150x150.jpg 150w\" sizes=\"auto, (max-width: 270px) 100vw, 270px\" \/>\n\t\t\t<\/div><\/figure><figure class='gallery-item'>\n\t\t\t<div class='gallery-icon landscape'>\n\t\t\t\t<img loading=\"lazy\" decoding=\"async\" width=\"270\" height=\"270\" src=\"https:\/\/www.bbdjteam.si\/wp-content\/uploads\/2020\/04\/20191213_223209-270x270.jpg\" class=\"attachment-small size-small\" alt=\"\" srcset=\"https:\/\/www.bbdjteam.si\/wp-content\/uploads\/2020\/04\/20191213_223209-270x270.jpg 270w, https:\/\/www.bbdjteam.si\/wp-content\/uploads\/2020\/04\/20191213_223209-150x150.jpg 150w\" sizes=\"auto, (max-width: 270px) 100vw, 270px\" \/>\n\t\t\t<\/div><\/figure><figure class='gallery-item'>\n\t\t\t<div class='gallery-icon landscape'>\n\t\t\t\t<img loading=\"lazy\" decoding=\"async\" width=\"270\" height=\"270\" src=\"https:\/\/www.bbdjteam.si\/wp-content\/uploads\/2019\/03\/20190308_214838-270x270.jpg\" class=\"attachment-small size-small\" alt=\"\" srcset=\"https:\/\/www.bbdjteam.si\/wp-content\/uploads\/2019\/03\/20190308_214838-270x270.jpg 270w, https:\/\/www.bbdjteam.si\/wp-content\/uploads\/2019\/03\/20190308_214838-150x150.jpg 150w\" sizes=\"auto, (max-width: 270px) 100vw, 270px\" \/>\n\t\t\t<\/div><\/figure><figure class='gallery-item'>\n\t\t\t<div class='gallery-icon landscape'>\n\t\t\t\t<img loading=\"lazy\" decoding=\"async\" width=\"270\" height=\"270\" src=\"https:\/\/www.bbdjteam.si\/wp-content\/uploads\/2020\/04\/20191115_193854-270x270.jpg\" class=\"attachment-small size-small\" alt=\"\" srcset=\"https:\/\/www.bbdjteam.si\/wp-content\/uploads\/2020\/04\/20191115_193854-270x270.jpg 270w, https:\/\/www.bbdjteam.si\/wp-content\/uploads\/2020\/04\/20191115_193854-150x150.jpg 150w\" sizes=\"auto, (max-width: 270px) 100vw, 270px\" \/>\n\t\t\t<\/div><\/figure>\n\t\t<\/div>\n\n<p>\u00a0<\/p>\n<p>\u00a0<\/p>\n<div style=\"width: 640px;\" class=\"wp-video\"><video class=\"wp-video-shortcode\" id=\"video-496-1\" width=\"640\" height=\"360\" preload=\"metadata\" controls=\"controls\"><source type=\"video\/mp4\" src=\"https:\/\/www.bbdjteam.si\/wp-content\/uploads\/2019\/03\/bb_djteam_spil_marec2019.mp4?_=1\" \/><a href=\"https:\/\/www.bbdjteam.si\/wp-content\/uploads\/2019\/03\/bb_djteam_spil_marec2019.mp4\">https:\/\/www.bbdjteam.si\/wp-content\/uploads\/2019\/03\/bb_djteam_spil_marec2019.mp4<\/a><\/video><\/div>\n\n\n","protected":false},"excerpt":{"rendered":"<p>Ponavadi je zve\u010der, po zadnjem predavanju \u0161e zaklju\u010dna ve\u010derja, ki jo organizira organizator v domeni hotela. Po ve\u010derji se priredi [&hellip;]<\/p>\n","protected":false},"author":1,"featured_media":0,"parent":0,"menu_order":0,"comment_status":"closed","ping_status":"closed","template":"","meta":{"site-sidebar-layout":"default","site-content-layout":"","ast-site-content-layout":"default","site-content-style":"default","site-sidebar-style":"default","ast-global-header-display":"","ast-banner-title-visibility":"","ast-main-header-display":"","ast-hfb-above-header-display":"","ast-hfb-below-header-display":"","ast-hfb-mobile-header-display":"","site-post-title":"","ast-breadcrumbs-content":"","ast-featured-img":"","footer-sml-layout":"","ast-disable-related-posts":"","theme-transparent-header-meta":"","adv-header-id-meta":"","stick-header-meta":"","header-above-stick-meta":"","header-main-stick-meta":"","header-below-stick-meta":"","astra-migrate-meta-layouts":"default","ast-page-background-enabled":"default","ast-page-background-meta":{"desktop":{"background-color":"var(--ast-global-color-5)","background-image":"","background-repeat":"repeat","background-position":"center center","background-size":"auto","background-attachment":"scroll","background-type":"","background-media":"","overlay-type":"","overlay-color":"","overlay-opacity":"","overlay-gradient":""},"tablet":{"background-color":"","background-image":"","background-repeat":"repeat","background-position":"center center","background-size":"auto","background-attachment":"scroll","background-type":"","background-media":"","overlay-type":"","overlay-color":"","overlay-opacity":"","overlay-gradient":""},"mobile":{"background-color":"","background-image":"","background-repeat":"repeat","background-position":"center center","background-size":"auto","background-attachment":"scroll","background-type":"","background-media":"","overlay-type":"","overlay-color":"","overlay-opacity":"","overlay-gradient":""}},"ast-content-background-meta":{"desktop":{"background-color":"var(--ast-global-color-4)","background-image":"","background-repeat":"repeat","background-position":"center center","background-size":"auto","background-attachment":"scroll","background-type":"","background-media":"","overlay-type":"","overlay-color":"","overlay-opacity":"","overlay-gradient":""},"tablet":{"background-color":"var(--ast-global-color-4)","background-image":"","background-repeat":"repeat","background-position":"center center","background-size":"auto","background-attachment":"scroll","background-type":"","background-media":"","overlay-type":"","overlay-color":"","overlay-opacity":"","overlay-gradient":""},"mobile":{"background-color":"var(--ast-global-color-4)","background-image":"","background-repeat":"repeat","background-position":"center center","background-size":"auto","background-attachment":"scroll","background-type":"","background-media":"","overlay-type":"","overlay-color":"","overlay-opacity":"","overlay-gradient":""}},"footnotes":""},"class_list":["post-496","page","type-page","status-publish","hentry"],"_links":{"self":[{"href":"https:\/\/www.bbdjteam.si\/index.php?rest_route=\/wp\/v2\/pages\/496","targetHints":{"allow":["GET"]}}],"collection":[{"href":"https:\/\/www.bbdjteam.si\/index.php?rest_route=\/wp\/v2\/pages"}],"about":[{"href":"https:\/\/www.bbdjteam.si\/index.php?rest_route=\/wp\/v2\/types\/page"}],"author":[{"embeddable":true,"href":"https:\/\/www.bbdjteam.si\/index.php?rest_route=\/wp\/v2\/users\/1"}],"replies":[{"embeddable":true,"href":"https:\/\/www.bbdjteam.si\/index.php?rest_route=%2Fwp%2Fv2%2Fcomments&post=496"}],"version-history":[{"count":0,"href":"https:\/\/www.bbdjteam.si\/index.php?rest_route=\/wp\/v2\/pages\/496\/revisions"}],"wp:attachment":[{"href":"https:\/\/www.bbdjteam.si\/index.php?rest_route=%2Fwp%2Fv2%2Fmedia&parent=496"}],"curies":[{"name":"wp","href":"https:\/\/api.w.org\/{rel}","templated":true}]}}