{"id":492,"date":"2019-02-19T21:01:41","date_gmt":"2019-02-19T19:01:41","guid":{"rendered":"https:\/\/www.bbdjteam.si\/?page_id=492"},"modified":"2022-10-10T20:01:33","modified_gmt":"2022-10-10T18:01:33","slug":"privat-zabave","status":"publish","type":"page","link":"https:\/\/www.bbdjteam.si\/?page_id=492","title":{"rendered":"Privat zabave in rojstni dnevi"},"content":{"rendered":"\n<h4 style=\"text-align: justify;\">Praznujete rojstni dan, imate obletnico, abrahama, mogo\u010de fantov\u0161\u010dina ali dekli\u0161\u010dina.<\/h4>\n<h4 style=\"text-align: justify;\">Za vas pripravimo <strong><em>ozvo\u010denje<\/em><\/strong>, <strong><em>osvetlitev <\/em><\/strong>in <em><strong>seveda DJ-a<\/strong><\/em> s \u0161iroko glasbeno izbiro in glasbenimi \u017eeljami.<\/h4>\n<p>\u00a0<\/p>\n\n\n\n<div id='gallery-1' class='gallery galleryid-492 gallery-columns-3 gallery-size-small'><figure class='gallery-item'>\n\t\t\t<div class='gallery-icon landscape'>\n\t\t\t\t<img loading=\"lazy\" decoding=\"async\" width=\"270\" height=\"270\" src=\"https:\/\/www.bbdjteam.si\/wp-content\/uploads\/2019\/02\/20180608_174827-270x270.jpg\" class=\"attachment-small size-small\" alt=\"\" srcset=\"https:\/\/www.bbdjteam.si\/wp-content\/uploads\/2019\/02\/20180608_174827-270x270.jpg 270w, https:\/\/www.bbdjteam.si\/wp-content\/uploads\/2019\/02\/20180608_174827-150x150.jpg 150w\" sizes=\"auto, (max-width: 270px) 100vw, 270px\" \/>\n\t\t\t<\/div><\/figure><figure class='gallery-item'>\n\t\t\t<div class='gallery-icon landscape'>\n\t\t\t\t<img loading=\"lazy\" decoding=\"async\" width=\"270\" height=\"270\" src=\"https:\/\/www.bbdjteam.si\/wp-content\/uploads\/2019\/02\/25552193_1957744947813299_7006990792401310587_n-270x270.jpg\" class=\"attachment-small size-small\" alt=\"\" srcset=\"https:\/\/www.bbdjteam.si\/wp-content\/uploads\/2019\/02\/25552193_1957744947813299_7006990792401310587_n-270x270.jpg 270w, https:\/\/www.bbdjteam.si\/wp-content\/uploads\/2019\/02\/25552193_1957744947813299_7006990792401310587_n-150x150.jpg 150w\" sizes=\"auto, (max-width: 270px) 100vw, 270px\" \/>\n\t\t\t<\/div><\/figure><figure class='gallery-item'>\n\t\t\t<div class='gallery-icon portrait'>\n\t\t\t\t<img loading=\"lazy\" decoding=\"async\" width=\"270\" height=\"270\" src=\"https:\/\/www.bbdjteam.si\/wp-content\/uploads\/2019\/01\/20180928_231659-270x270.jpg\" class=\"attachment-small size-small\" alt=\"\" srcset=\"https:\/\/www.bbdjteam.si\/wp-content\/uploads\/2019\/01\/20180928_231659-270x270.jpg 270w, https:\/\/www.bbdjteam.si\/wp-content\/uploads\/2019\/01\/20180928_231659-150x150.jpg 150w\" sizes=\"auto, (max-width: 270px) 100vw, 270px\" \/>\n\t\t\t<\/div><\/figure><figure class='gallery-item'>\n\t\t\t<div class='gallery-icon landscape'>\n\t\t\t\t<img loading=\"lazy\" decoding=\"async\" width=\"270\" height=\"270\" src=\"https:\/\/www.bbdjteam.si\/wp-content\/uploads\/2019\/03\/priv_zab_1-270x270.jpg\" class=\"attachment-small size-small\" alt=\"\" srcset=\"https:\/\/www.bbdjteam.si\/wp-content\/uploads\/2019\/03\/priv_zab_1-270x270.jpg 270w, https:\/\/www.bbdjteam.si\/wp-content\/uploads\/2019\/03\/priv_zab_1-150x150.jpg 150w\" sizes=\"auto, (max-width: 270px) 100vw, 270px\" \/>\n\t\t\t<\/div><\/figure><figure class='gallery-item'>\n\t\t\t<div class='gallery-icon landscape'>\n\t\t\t\t<img loading=\"lazy\" decoding=\"async\" width=\"270\" height=\"270\" src=\"https:\/\/www.bbdjteam.si\/wp-content\/uploads\/2019\/02\/20180608_211853-270x270.jpg\" class=\"attachment-small size-small\" alt=\"\" srcset=\"https:\/\/www.bbdjteam.si\/wp-content\/uploads\/2019\/02\/20180608_211853-270x270.jpg 270w, https:\/\/www.bbdjteam.si\/wp-content\/uploads\/2019\/02\/20180608_211853-150x150.jpg 150w\" sizes=\"auto, (max-width: 270px) 100vw, 270px\" \/>\n\t\t\t<\/div><\/figure><figure class='gallery-item'>\n\t\t\t<div class='gallery-icon landscape'>\n\t\t\t\t<img loading=\"lazy\" decoding=\"async\" width=\"270\" height=\"270\" src=\"https:\/\/www.bbdjteam.si\/wp-content\/uploads\/2019\/01\/IMG-6a14de2ffb460ec74dcc5027f7071e11-V-270x270.jpg\" class=\"attachment-small size-small\" alt=\"\" srcset=\"https:\/\/www.bbdjteam.si\/wp-content\/uploads\/2019\/01\/IMG-6a14de2ffb460ec74dcc5027f7071e11-V-270x270.jpg 270w, https:\/\/www.bbdjteam.si\/wp-content\/uploads\/2019\/01\/IMG-6a14de2ffb460ec74dcc5027f7071e11-V-150x150.jpg 150w\" sizes=\"auto, (max-width: 270px) 100vw, 270px\" \/>\n\t\t\t<\/div><\/figure>\n\t\t<\/div>\n\n\n\n\n<p style=\"text-align: center;\">40-ka po doma\u010de<\/p>\n<div style=\"width: 720px;\" class=\"wp-video\"><video class=\"wp-video-shortcode\" id=\"video-492-1\" width=\"720\" height=\"640\" preload=\"metadata\" controls=\"controls\"><source type=\"video\/mp4\" src=\"https:\/\/www.bbdjteam.si\/wp-content\/uploads\/2019\/05\/07e8c8470907ec2fcd3b9e2314021200.mp4?_=1\" \/><a href=\"https:\/\/www.bbdjteam.si\/wp-content\/uploads\/2019\/05\/07e8c8470907ec2fcd3b9e2314021200.mp4\">https:\/\/www.bbdjteam.si\/wp-content\/uploads\/2019\/05\/07e8c8470907ec2fcd3b9e2314021200.mp4<\/a><\/video><\/div>\n<p style=\"text-align: center;\"><br><!--more--><\/p>\n","protected":false},"excerpt":{"rendered":"<p>Praznujete rojstni dan, imate obletnico, abrahama, mogo\u010de fantov\u0161\u010dina ali dekli\u0161\u010dina. Za vas pripravimo ozvo\u010denje, osvetlitev in seveda DJ-a s \u0161iroko [&hellip;]<\/p>\n","protected":false},"author":1,"featured_media":0,"parent":0,"menu_order":0,"comment_status":"closed","ping_status":"closed","template":"","meta":{"site-sidebar-layout":"default","site-content-layout":"","ast-site-content-layout":"default","site-content-style":"default","site-sidebar-style":"default","ast-global-header-display":"","ast-banner-title-visibility":"","ast-main-header-display":"","ast-hfb-above-header-display":"","ast-hfb-below-header-display":"","ast-hfb-mobile-header-display":"","site-post-title":"","ast-breadcrumbs-content":"","ast-featured-img":"","footer-sml-layout":"","ast-disable-related-posts":"","theme-transparent-header-meta":"","adv-header-id-meta":"","stick-header-meta":"","header-above-stick-meta":"","header-main-stick-meta":"","header-below-stick-meta":"","astra-migrate-meta-layouts":"default","ast-page-background-enabled":"default","ast-page-background-meta":{"desktop":{"background-color":"var(--ast-global-color-5)","background-image":"","background-repeat":"repeat","background-position":"center center","background-size":"auto","background-attachment":"scroll","background-type":"","background-media":"","overlay-type":"","overlay-color":"","overlay-opacity":"","overlay-gradient":""},"tablet":{"background-color":"","background-image":"","background-repeat":"repeat","background-position":"center center","background-size":"auto","background-attachment":"scroll","background-type":"","background-media":"","overlay-type":"","overlay-color":"","overlay-opacity":"","overlay-gradient":""},"mobile":{"background-color":"","background-image":"","background-repeat":"repeat","background-position":"center center","background-size":"auto","background-attachment":"scroll","background-type":"","background-media":"","overlay-type":"","overlay-color":"","overlay-opacity":"","overlay-gradient":""}},"ast-content-background-meta":{"desktop":{"background-color":"var(--ast-global-color-4)","background-image":"","background-repeat":"repeat","background-position":"center center","background-size":"auto","background-attachment":"scroll","background-type":"","background-media":"","overlay-type":"","overlay-color":"","overlay-opacity":"","overlay-gradient":""},"tablet":{"background-color":"var(--ast-global-color-4)","background-image":"","background-repeat":"repeat","background-position":"center center","background-size":"auto","background-attachment":"scroll","background-type":"","background-media":"","overlay-type":"","overlay-color":"","overlay-opacity":"","overlay-gradient":""},"mobile":{"background-color":"var(--ast-global-color-4)","background-image":"","background-repeat":"repeat","background-position":"center center","background-size":"auto","background-attachment":"scroll","background-type":"","background-media":"","overlay-type":"","overlay-color":"","overlay-opacity":"","overlay-gradient":""}},"footnotes":""},"class_list":["post-492","page","type-page","status-publish","hentry"],"_links":{"self":[{"href":"https:\/\/www.bbdjteam.si\/index.php?rest_route=\/wp\/v2\/pages\/492","targetHints":{"allow":["GET"]}}],"collection":[{"href":"https:\/\/www.bbdjteam.si\/index.php?rest_route=\/wp\/v2\/pages"}],"about":[{"href":"https:\/\/www.bbdjteam.si\/index.php?rest_route=\/wp\/v2\/types\/page"}],"author":[{"embeddable":true,"href":"https:\/\/www.bbdjteam.si\/index.php?rest_route=\/wp\/v2\/users\/1"}],"replies":[{"embeddable":true,"href":"https:\/\/www.bbdjteam.si\/index.php?rest_route=%2Fwp%2Fv2%2Fcomments&post=492"}],"version-history":[{"count":0,"href":"https:\/\/www.bbdjteam.si\/index.php?rest_route=\/wp\/v2\/pages\/492\/revisions"}],"wp:attachment":[{"href":"https:\/\/www.bbdjteam.si\/index.php?rest_route=%2Fwp%2Fv2%2Fmedia&parent=492"}],"curies":[{"name":"wp","href":"https:\/\/api.w.org\/{rel}","templated":true}]}}