{"id":469,"date":"2019-02-19T20:38:32","date_gmt":"2019-02-19T18:38:32","guid":{"rendered":"https:\/\/www.bbdjteam.si\/?page_id=469"},"modified":"2026-03-13T21:20:41","modified_gmt":"2026-03-13T20:20:41","slug":"domov","status":"publish","type":"page","link":"https:\/\/www.bbdjteam.si\/","title":{"rendered":"B&#038;B dj team"},"content":{"rendered":"<p><strong>\u00a0<\/strong><\/p>\n<p><img loading=\"lazy\" decoding=\"async\" class=\"size-large wp-image-1437 aligncenter\" src=\"https:\/\/www.bbdjteam.si\/wp-content\/uploads\/2023\/04\/Taritin-2-1024x930.png\" alt=\"\" width=\"1024\" height=\"930\" srcset=\"https:\/\/www.bbdjteam.si\/wp-content\/uploads\/2023\/04\/Taritin-2-1024x930.png 1024w, https:\/\/www.bbdjteam.si\/wp-content\/uploads\/2023\/04\/Taritin-2-300x272.png 300w, https:\/\/www.bbdjteam.si\/wp-content\/uploads\/2023\/04\/Taritin-2-768x697.png 768w, https:\/\/www.bbdjteam.si\/wp-content\/uploads\/2023\/04\/Taritin-2-1536x1395.png 1536w, https:\/\/www.bbdjteam.si\/wp-content\/uploads\/2023\/04\/Taritin-2-440x400.png 440w, https:\/\/www.bbdjteam.si\/wp-content\/uploads\/2023\/04\/Taritin-2.png 1797w\" sizes=\"auto, (max-width: 1024px) 100vw, 1024px\" \/><\/p>\n<h5 style=\"text-align: justify;\"><strong>\u00bbMobilni DJ-i\u00ab<\/strong> kot je tudi ekipa <strong>B&amp;B DJ Team<\/strong> se vztrajno prebijamo tudi v slovenskem glasbenem prostoru, kjer delujemo na raznovrstnih dogodkih kot so:<\/h5>\n<ul>\n<li>govorni\u0161ke prireditve,<\/li>\n<li>veselice,<\/li>\n<li>rojstnodnevne\u00a0 zabave,<\/li>\n<li>poroke,<\/li>\n<li>poslovne in privat zabave,<\/li>\n<li>modne revije,<\/li>\n<li>zaklju\u010dki seminarjev in kongresov,<\/li>\n<li>after-party-ji na raznih zaklju\u010dnih oziroma otvoritvenih zabavah&#8230;<\/li>\n<\/ul>\n<h5 style=\"text-align: justify;\">Razlika med\u00a0 obi\u010dajnimi DJ-i in \u00bbMobilnimi\u00ab DJ-i \u00a0je predvsem v tem, da slednji pri svojem delu uporabljamo svojo DJ opremo, lastno ozvo\u010denje ter razsvetljavo, ki jo lahko v paketu ponudimo\u00a0 naro\u010dniku. Pri svojem delu naro\u010dniku zagotovimo glasbeni program izklju\u010dno po njegovem okusu, animacijo plesi\u0161\u010da, govorni\u0161ki mikrofon, ter raznovrstno razsvetljavo primerno dogodku.<\/h5>\n<p style=\"text-align: left;\">\u00a0<\/p>\n\n\n<div id='gallery-1' class='gallery galleryid-469 gallery-columns-3 gallery-size-small'><figure class='gallery-item'>\n\t\t\t<div class='gallery-icon landscape'>\n\t\t\t\t<img loading=\"lazy\" decoding=\"async\" width=\"270\" height=\"270\" src=\"https:\/\/www.bbdjteam.si\/wp-content\/uploads\/2019\/05\/20190427_195208-270x270.jpg\" class=\"attachment-small size-small\" alt=\"\" srcset=\"https:\/\/www.bbdjteam.si\/wp-content\/uploads\/2019\/05\/20190427_195208-270x270.jpg 270w, https:\/\/www.bbdjteam.si\/wp-content\/uploads\/2019\/05\/20190427_195208-150x150.jpg 150w\" sizes=\"auto, (max-width: 270px) 100vw, 270px\" \/>\n\t\t\t<\/div><\/figure><figure class='gallery-item'>\n\t\t\t<div class='gallery-icon portrait'>\n\t\t\t\t<img loading=\"lazy\" decoding=\"async\" width=\"270\" height=\"270\" src=\"https:\/\/www.bbdjteam.si\/wp-content\/uploads\/2019\/01\/20181208_204923-270x270.jpg\" class=\"attachment-small size-small\" alt=\"\" srcset=\"https:\/\/www.bbdjteam.si\/wp-content\/uploads\/2019\/01\/20181208_204923-270x270.jpg 270w, https:\/\/www.bbdjteam.si\/wp-content\/uploads\/2019\/01\/20181208_204923-150x150.jpg 150w\" sizes=\"auto, (max-width: 270px) 100vw, 270px\" \/>\n\t\t\t<\/div><\/figure><figure class='gallery-item'>\n\t\t\t<div class='gallery-icon portrait'>\n\t\t\t\t<img loading=\"lazy\" decoding=\"async\" width=\"270\" height=\"270\" src=\"https:\/\/www.bbdjteam.si\/wp-content\/uploads\/2019\/01\/20181208_212844-1-270x270.jpg\" class=\"attachment-small size-small\" alt=\"\" srcset=\"https:\/\/www.bbdjteam.si\/wp-content\/uploads\/2019\/01\/20181208_212844-1-270x270.jpg 270w, https:\/\/www.bbdjteam.si\/wp-content\/uploads\/2019\/01\/20181208_212844-1-150x150.jpg 150w\" sizes=\"auto, (max-width: 270px) 100vw, 270px\" \/>\n\t\t\t<\/div><\/figure>\n\t\t<\/div>\n\n\n\n\n<h4 style=\"text-align: left;\"><strong>REFERENCE<\/strong><\/h4>\n<ul>\n<li style=\"text-align: left;\">KRKA d.d. Novo mesto<\/li>\n<li style=\"text-align: left;\">NOVARTIS PHARMA SERVICES<\/li>\n<li style=\"text-align: left;\">UKC Ljubljana<\/li>\n<li style=\"text-align: left;\">NEKTAR NATURA<\/li>\n<li style=\"text-align: left;\">DOM STAREJ\u0160IH OB\u010cANOV Ljubljana-Be\u017eigrad<\/li>\n<li style=\"text-align: left;\">GFP &#8211; Kranj<\/li>\n<li style=\"text-align: left;\">BODIFIT Ljubljana<\/li>\n<li style=\"text-align: left;\">ostali&#8230;<\/li>\n<\/ul>\n<h4 style=\"text-align: left;\"><strong>NEKAJ LOKACIJ NA\u0160EGA GOSTOVANJA<\/strong><\/h4>\n<ul>\n<li style=\"text-align: left;\">Hotel Terme Topol\u0161ica<\/li>\n<li style=\"text-align: left;\">Hotel Terme Zre\u010de<\/li>\n<li style=\"text-align: left;\">\u0160vicarija Tivoli &#8211; Ljubljana<\/li>\n<li style=\"text-align: left;\">Grad FALA &#8211; Ru\u0161e (Maribor)<\/li>\n<li style=\"text-align: left;\">Ljubljanski Grad &#8211; gostilna na Gradu<\/li>\n<li style=\"text-align: left;\">Grad \u0160tanjel<\/li>\n<li style=\"text-align: left;\">Ramada Resort &#8211; Kranjska Gora<\/li>\n<li style=\"text-align: left;\">Ecoresort &#8211; Kamnik<\/li>\n<li style=\"text-align: left;\">Dvor Jezer\u0161ek &#8211; Cerklje na Gorenjskem<\/li>\n<li style=\"text-align: left;\">Kodarinov mlin<\/li>\n<li style=\"text-align: left;\">InterContinental &#8211; Ljubljana (hotels and resorts)<\/li>\n<li style=\"text-align: left;\">Four Points by Sheraton &#8211; Ljubljana (hotel)<\/li>\n<li style=\"text-align: left;\">Vila \u0160iroko &#8211; Galerija okusov &#8211; \u0160o\u0161tanj<\/li>\n<li style=\"text-align: left;\">Galerija Repan\u0161ek &#8211; Kamnik<\/li>\n<li style=\"text-align: left;\">Gori\u0161ka brda<\/li>\n<li style=\"text-align: left;\">Hi\u0161a Lisjak &#8211; Tabor<\/li>\n<li style=\"text-align: left;\">Skedenj &#8211; Vopovlje<\/li>\n<li style=\"text-align: left;\">Restavracija Gaj &#8211; Mozirje<\/li>\n<li style=\"text-align: left;\">in ostale&#8230;<\/li>\n<\/ul>\n","protected":false},"excerpt":{"rendered":"<p>\u00a0 \u00bbMobilni DJ-i\u00ab kot je tudi ekipa B&amp;B DJ Team se vztrajno prebijamo tudi v slovenskem glasbenem prostoru, kjer delujemo [&hellip;]<\/p>\n","protected":false},"author":1,"featured_media":0,"parent":0,"menu_order":0,"comment_status":"closed","ping_status":"closed","template":"","meta":{"site-sidebar-layout":"default","site-content-layout":"","ast-site-content-layout":"default","site-content-style":"default","site-sidebar-style":"default","ast-global-header-display":"","ast-banner-title-visibility":"","ast-main-header-display":"","ast-hfb-above-header-display":"","ast-hfb-below-header-display":"","ast-hfb-mobile-header-display":"","site-post-title":"disabled","ast-breadcrumbs-content":"","ast-featured-img":"","footer-sml-layout":"","ast-disable-related-posts":"","theme-transparent-header-meta":"","adv-header-id-meta":"","stick-header-meta":"","header-above-stick-meta":"","header-main-stick-meta":"","header-below-stick-meta":"","astra-migrate-meta-layouts":"default","ast-page-background-enabled":"default","ast-page-background-meta":{"desktop":{"background-color":"var(--ast-global-color-5)","background-image":"","background-repeat":"repeat","background-position":"center center","background-size":"auto","background-attachment":"scroll","background-type":"","background-media":"","overlay-type":"","overlay-color":"","overlay-opacity":"","overlay-gradient":""},"tablet":{"background-color":"","background-image":"","background-repeat":"repeat","background-position":"center center","background-size":"auto","background-attachment":"scroll","background-type":"","background-media":"","overlay-type":"","overlay-color":"","overlay-opacity":"","overlay-gradient":""},"mobile":{"background-color":"","background-image":"","background-repeat":"repeat","background-position":"center center","background-size":"auto","background-attachment":"scroll","background-type":"","background-media":"","overlay-type":"","overlay-color":"","overlay-opacity":"","overlay-gradient":""}},"ast-content-background-meta":{"desktop":{"background-color":"var(--ast-global-color-4)","background-image":"","background-repeat":"repeat","background-position":"center center","background-size":"auto","background-attachment":"scroll","background-type":"","background-media":"","overlay-type":"","overlay-color":"","overlay-opacity":"","overlay-gradient":""},"tablet":{"background-color":"var(--ast-global-color-4)","background-image":"","background-repeat":"repeat","background-position":"center center","background-size":"auto","background-attachment":"scroll","background-type":"","background-media":"","overlay-type":"","overlay-color":"","overlay-opacity":"","overlay-gradient":""},"mobile":{"background-color":"var(--ast-global-color-4)","background-image":"","background-repeat":"repeat","background-position":"center center","background-size":"auto","background-attachment":"scroll","background-type":"","background-media":"","overlay-type":"","overlay-color":"","overlay-opacity":"","overlay-gradient":""}},"footnotes":""},"class_list":["post-469","page","type-page","status-publish","hentry"],"_links":{"self":[{"href":"https:\/\/www.bbdjteam.si\/index.php?rest_route=\/wp\/v2\/pages\/469","targetHints":{"allow":["GET"]}}],"collection":[{"href":"https:\/\/www.bbdjteam.si\/index.php?rest_route=\/wp\/v2\/pages"}],"about":[{"href":"https:\/\/www.bbdjteam.si\/index.php?rest_route=\/wp\/v2\/types\/page"}],"author":[{"embeddable":true,"href":"https:\/\/www.bbdjteam.si\/index.php?rest_route=\/wp\/v2\/users\/1"}],"replies":[{"embeddable":true,"href":"https:\/\/www.bbdjteam.si\/index.php?rest_route=%2Fwp%2Fv2%2Fcomments&post=469"}],"version-history":[{"count":1,"href":"https:\/\/www.bbdjteam.si\/index.php?rest_route=\/wp\/v2\/pages\/469\/revisions"}],"predecessor-version":[{"id":1501,"href":"https:\/\/www.bbdjteam.si\/index.php?rest_route=\/wp\/v2\/pages\/469\/revisions\/1501"}],"wp:attachment":[{"href":"https:\/\/www.bbdjteam.si\/index.php?rest_route=%2Fwp%2Fv2%2Fmedia&parent=469"}],"curies":[{"name":"wp","href":"https:\/\/api.w.org\/{rel}","templated":true}]}}