{"id":18,"date":"2018-09-25T19:07:55","date_gmt":"2018-09-25T19:07:55","guid":{"rendered":"https:\/\/www.bbdjteam.si\/?page_id=18"},"modified":"2024-01-18T16:00:36","modified_gmt":"2024-01-18T14:00:36","slug":"page-id18","status":"publish","type":"page","link":"https:\/\/www.bbdjteam.si\/?page_id=18","title":{"rendered":"Na\u0161a zgodba"},"content":{"rendered":"<h5 style=\"text-align: justify;\"><strong>B&amp;B Dj team<\/strong> sestavljava entuziasti\u010dna in energi\u010dna <strong>DJ Branzi<\/strong> in <strong>Roky DJ<\/strong>, ki \u017ee od malih nog rada poskrbiva za dobro glasbeno vzdu\u0161je na vsaki zabavi, kasneje pa sva svojim glasbenim izku\u0161njam, dodala \u0161e animacijski program ter nepozabno osvetlitev vsakega prostora. Na va\u0161em dogodku zato ni\u010d ne bo prepu\u0161\u010deno naklju\u010dju. S <strong>\u0161irokim glasbenim izborom<\/strong> ali glasbo po dogovoru, <strong>animacijo<\/strong> gostov in otrok, <strong>ozvo\u010denjem<\/strong> ter ambientalno <strong>osvetlitvijo<\/strong> prostora in plesi\u0161\u010da pri\u010darava magi\u010dno atmosfero. S <strong>posebnimi efekti<\/strong> talne megle, hladnih iskric in projeciranja va\u0161ega osebnega loga pa poskrbiva, da bo va\u0161 dogodek ostal v \u010dudovitem spominu.<\/h5>\n<p style=\"padding-left: 80px; text-align: center;\">\u00a0<\/p>\n\n\n<div id='gallery-1' class='gallery galleryid-18 gallery-columns-3 gallery-size-small'><figure class='gallery-item'>\n\t\t\t<div class='gallery-icon landscape'>\n\t\t\t\t<img loading=\"lazy\" decoding=\"async\" width=\"270\" height=\"270\" src=\"https:\/\/www.bbdjteam.si\/wp-content\/uploads\/2020\/04\/20190720_153552-270x270.jpg\" class=\"attachment-small size-small\" alt=\"\" srcset=\"https:\/\/www.bbdjteam.si\/wp-content\/uploads\/2020\/04\/20190720_153552-270x270.jpg 270w, https:\/\/www.bbdjteam.si\/wp-content\/uploads\/2020\/04\/20190720_153552-150x150.jpg 150w\" sizes=\"auto, (max-width: 270px) 100vw, 270px\" \/>\n\t\t\t<\/div><\/figure><figure class='gallery-item'>\n\t\t\t<div class='gallery-icon landscape'>\n\t\t\t\t<img loading=\"lazy\" decoding=\"async\" width=\"270\" height=\"270\" src=\"https:\/\/www.bbdjteam.si\/wp-content\/uploads\/2024\/01\/viber_image_2024-01-18_14-49-20-245-1-270x270.jpg\" class=\"attachment-small size-small\" alt=\"\" srcset=\"https:\/\/www.bbdjteam.si\/wp-content\/uploads\/2024\/01\/viber_image_2024-01-18_14-49-20-245-1-270x270.jpg 270w, https:\/\/www.bbdjteam.si\/wp-content\/uploads\/2024\/01\/viber_image_2024-01-18_14-49-20-245-1-150x150.jpg 150w\" sizes=\"auto, (max-width: 270px) 100vw, 270px\" \/>\n\t\t\t<\/div><\/figure><figure class='gallery-item'>\n\t\t\t<div class='gallery-icon portrait'>\n\t\t\t\t<img loading=\"lazy\" decoding=\"async\" width=\"270\" height=\"270\" src=\"https:\/\/www.bbdjteam.si\/wp-content\/uploads\/2019\/05\/Dj_Branzi-270x270.jpg\" class=\"attachment-small size-small\" alt=\"\" aria-describedby=\"gallery-1-1017\" srcset=\"https:\/\/www.bbdjteam.si\/wp-content\/uploads\/2019\/05\/Dj_Branzi-270x270.jpg 270w, https:\/\/www.bbdjteam.si\/wp-content\/uploads\/2019\/05\/Dj_Branzi-150x150.jpg 150w\" sizes=\"auto, (max-width: 270px) 100vw, 270px\" \/>\n\t\t\t<\/div>\n\t\t\t\t<figcaption class='wp-caption-text gallery-caption' id='gallery-1-1017'>\n\t\t\t\tDj_Branzi_2\n\t\t\t\t<\/figcaption><\/figure><figure class='gallery-item'>\n\t\t\t<div class='gallery-icon portrait'>\n\t\t\t\t<img loading=\"lazy\" decoding=\"async\" width=\"270\" height=\"270\" src=\"https:\/\/www.bbdjteam.si\/wp-content\/uploads\/2024\/01\/viber_image_2024-01-18_14-49-20-131-1-270x270.jpg\" class=\"attachment-small size-small\" alt=\"\" srcset=\"https:\/\/www.bbdjteam.si\/wp-content\/uploads\/2024\/01\/viber_image_2024-01-18_14-49-20-131-1-270x270.jpg 270w, https:\/\/www.bbdjteam.si\/wp-content\/uploads\/2024\/01\/viber_image_2024-01-18_14-49-20-131-1-150x150.jpg 150w\" sizes=\"auto, (max-width: 270px) 100vw, 270px\" \/>\n\t\t\t<\/div><\/figure><figure class='gallery-item'>\n\t\t\t<div class='gallery-icon portrait'>\n\t\t\t\t<img loading=\"lazy\" decoding=\"async\" width=\"270\" height=\"270\" src=\"https:\/\/www.bbdjteam.si\/wp-content\/uploads\/2024\/01\/viber_image_2024-01-18_14-49-20-015-1-270x270.jpg\" class=\"attachment-small size-small\" alt=\"\" srcset=\"https:\/\/www.bbdjteam.si\/wp-content\/uploads\/2024\/01\/viber_image_2024-01-18_14-49-20-015-1-270x270.jpg 270w, https:\/\/www.bbdjteam.si\/wp-content\/uploads\/2024\/01\/viber_image_2024-01-18_14-49-20-015-1-150x150.jpg 150w\" sizes=\"auto, (max-width: 270px) 100vw, 270px\" \/>\n\t\t\t<\/div><\/figure><figure class='gallery-item'>\n\t\t\t<div class='gallery-icon portrait'>\n\t\t\t\t<img loading=\"lazy\" decoding=\"async\" width=\"270\" height=\"270\" src=\"https:\/\/www.bbdjteam.si\/wp-content\/uploads\/2024\/01\/viber_image_2024-01-18_14-49-19-961-1-270x270.jpg\" class=\"attachment-small size-small\" alt=\"\" srcset=\"https:\/\/www.bbdjteam.si\/wp-content\/uploads\/2024\/01\/viber_image_2024-01-18_14-49-19-961-1-270x270.jpg 270w, https:\/\/www.bbdjteam.si\/wp-content\/uploads\/2024\/01\/viber_image_2024-01-18_14-49-19-961-1-150x150.jpg 150w\" sizes=\"auto, (max-width: 270px) 100vw, 270px\" \/>\n\t\t\t<\/div><\/figure>\n\t\t<\/div>\n\n","protected":false},"excerpt":{"rendered":"<p>B&amp;B Dj team sestavljava entuziasti\u010dna in energi\u010dna DJ Branzi in Roky DJ, ki \u017ee od malih nog rada poskrbiva za [&hellip;]<\/p>\n","protected":false},"author":1,"featured_media":0,"parent":0,"menu_order":0,"comment_status":"closed","ping_status":"closed","template":"","meta":{"site-sidebar-layout":"default","site-content-layout":"","ast-site-content-layout":"default","site-content-style":"default","site-sidebar-style":"default","ast-global-header-display":"","ast-banner-title-visibility":"","ast-main-header-display":"","ast-hfb-above-header-display":"","ast-hfb-below-header-display":"","ast-hfb-mobile-header-display":"","site-post-title":"","ast-breadcrumbs-content":"","ast-featured-img":"","footer-sml-layout":"","ast-disable-related-posts":"","theme-transparent-header-meta":"","adv-header-id-meta":"","stick-header-meta":"","header-above-stick-meta":"","header-main-stick-meta":"","header-below-stick-meta":"","astra-migrate-meta-layouts":"default","ast-page-background-enabled":"default","ast-page-background-meta":{"desktop":{"background-color":"var(--ast-global-color-5)","background-image":"","background-repeat":"repeat","background-position":"center center","background-size":"auto","background-attachment":"scroll","background-type":"","background-media":"","overlay-type":"","overlay-color":"","overlay-opacity":"","overlay-gradient":""},"tablet":{"background-color":"","background-image":"","background-repeat":"repeat","background-position":"center center","background-size":"auto","background-attachment":"scroll","background-type":"","background-media":"","overlay-type":"","overlay-color":"","overlay-opacity":"","overlay-gradient":""},"mobile":{"background-color":"","background-image":"","background-repeat":"repeat","background-position":"center center","background-size":"auto","background-attachment":"scroll","background-type":"","background-media":"","overlay-type":"","overlay-color":"","overlay-opacity":"","overlay-gradient":""}},"ast-content-background-meta":{"desktop":{"background-color":"var(--ast-global-color-4)","background-image":"","background-repeat":"repeat","background-position":"center center","background-size":"auto","background-attachment":"scroll","background-type":"","background-media":"","overlay-type":"","overlay-color":"","overlay-opacity":"","overlay-gradient":""},"tablet":{"background-color":"var(--ast-global-color-4)","background-image":"","background-repeat":"repeat","background-position":"center center","background-size":"auto","background-attachment":"scroll","background-type":"","background-media":"","overlay-type":"","overlay-color":"","overlay-opacity":"","overlay-gradient":""},"mobile":{"background-color":"var(--ast-global-color-4)","background-image":"","background-repeat":"repeat","background-position":"center center","background-size":"auto","background-attachment":"scroll","background-type":"","background-media":"","overlay-type":"","overlay-color":"","overlay-opacity":"","overlay-gradient":""}},"footnotes":""},"class_list":["post-18","page","type-page","status-publish","hentry"],"_links":{"self":[{"href":"https:\/\/www.bbdjteam.si\/index.php?rest_route=\/wp\/v2\/pages\/18","targetHints":{"allow":["GET"]}}],"collection":[{"href":"https:\/\/www.bbdjteam.si\/index.php?rest_route=\/wp\/v2\/pages"}],"about":[{"href":"https:\/\/www.bbdjteam.si\/index.php?rest_route=\/wp\/v2\/types\/page"}],"author":[{"embeddable":true,"href":"https:\/\/www.bbdjteam.si\/index.php?rest_route=\/wp\/v2\/users\/1"}],"replies":[{"embeddable":true,"href":"https:\/\/www.bbdjteam.si\/index.php?rest_route=%2Fwp%2Fv2%2Fcomments&post=18"}],"version-history":[{"count":0,"href":"https:\/\/www.bbdjteam.si\/index.php?rest_route=\/wp\/v2\/pages\/18\/revisions"}],"wp:attachment":[{"href":"https:\/\/www.bbdjteam.si\/index.php?rest_route=%2Fwp%2Fv2%2Fmedia&parent=18"}],"curies":[{"name":"wp","href":"https:\/\/api.w.org\/{rel}","templated":true}]}}