{"id":1120,"date":"2019-09-02T16:01:27","date_gmt":"2019-09-02T14:01:27","guid":{"rendered":"https:\/\/www.bbdjteam.si\/?page_id=1120"},"modified":"2021-12-22T10:33:56","modified_gmt":"2021-12-22T08:33:56","slug":"petje-na-poroki","status":"publish","type":"page","link":"https:\/\/www.bbdjteam.si\/?page_id=1120","title":{"rendered":"Petje na poroki"},"content":{"rendered":"\n<h4><strong>V sodelovanju z duo Jazz-it, vam uredimo tudi petje ob klavirski spremljavi na cerkvenem ali civilnem obredu.<\/strong>\u00a0<\/h4>\n<p style=\"text-align: left;\">Jazz-it sta akusti\u010dni duet (Ines in Tadej), ki se je zdru\u017eil z \u017eeljo po igranju jazz standardov, soula in bluesa ter pop pesmi in popevk, v prijetni sve\u017ei in drzni popestritvi modernih aran\u017emajev klavirske spremljave in vokala.<\/p>\n<p style=\"text-align: left;\"><img loading=\"lazy\" decoding=\"async\" class=\" wp-image-1158 alignleft\" src=\"https:\/\/www.bbdjteam.si\/wp-content\/uploads\/2019\/09\/2015_12_05_Ines_Tadej_029-bw-bw-Medium.jpg\" alt=\"\" width=\"239\" height=\"191\" \/>Ob poslu\u0161anju starih in novej\u0161ih priredb iz repertoarja boste na svoj ra\u010dun pri\u0161li glasbeni sladokusci, vzdu\u0161je poslovnega dogodka, kosila ali ve\u010derje, ob kakovostni glasbi, pa bo zagotovo popestrilo in dvignilo na popolnoma drugo raven.<\/p>\n<p style=\"text-align: left;\">Razko\u0161na in izrazna vsebina glasbe, ki jo izvajata bo va\u0161 <strong>poro\u010dni dan<\/strong> obarvala s \u010darobnostjo palete harmonij, ki jih ukrojita tudi po va\u0161ih \u017eeljah.<\/p>\n<p>e-mail: info@jazz-it.net<\/p>\n<p>FB: <a href=\"https:\/\/www.facebook.com\/musicjazzit\/\">@musicjazzit<\/a><\/p>\n<p>IG: <a href=\"https:\/\/www.instagram.com\/acoustic_duet_jazz_it\/\">acoustic_duet_jazz_it<\/a><\/p>\n<p>\u00a0<\/p>\n","protected":false},"excerpt":{"rendered":"<p>V sodelovanju z duo Jazz-it, vam uredimo tudi petje ob klavirski spremljavi na cerkvenem ali civilnem obredu.\u00a0 Jazz-it sta akusti\u010dni [&hellip;]<\/p>\n","protected":false},"author":1,"featured_media":0,"parent":0,"menu_order":0,"comment_status":"closed","ping_status":"closed","template":"","meta":{"site-sidebar-layout":"default","site-content-layout":"","ast-site-content-layout":"default","site-content-style":"default","site-sidebar-style":"default","ast-global-header-display":"","ast-banner-title-visibility":"","ast-main-header-display":"","ast-hfb-above-header-display":"","ast-hfb-below-header-display":"","ast-hfb-mobile-header-display":"","site-post-title":"","ast-breadcrumbs-content":"","ast-featured-img":"","footer-sml-layout":"","ast-disable-related-posts":"","theme-transparent-header-meta":"","adv-header-id-meta":"","stick-header-meta":"","header-above-stick-meta":"","header-main-stick-meta":"","header-below-stick-meta":"","astra-migrate-meta-layouts":"default","ast-page-background-enabled":"default","ast-page-background-meta":{"desktop":{"background-color":"var(--ast-global-color-5)","background-image":"","background-repeat":"repeat","background-position":"center center","background-size":"auto","background-attachment":"scroll","background-type":"","background-media":"","overlay-type":"","overlay-color":"","overlay-opacity":"","overlay-gradient":""},"tablet":{"background-color":"","background-image":"","background-repeat":"repeat","background-position":"center center","background-size":"auto","background-attachment":"scroll","background-type":"","background-media":"","overlay-type":"","overlay-color":"","overlay-opacity":"","overlay-gradient":""},"mobile":{"background-color":"","background-image":"","background-repeat":"repeat","background-position":"center center","background-size":"auto","background-attachment":"scroll","background-type":"","background-media":"","overlay-type":"","overlay-color":"","overlay-opacity":"","overlay-gradient":""}},"ast-content-background-meta":{"desktop":{"background-color":"var(--ast-global-color-4)","background-image":"","background-repeat":"repeat","background-position":"center center","background-size":"auto","background-attachment":"scroll","background-type":"","background-media":"","overlay-type":"","overlay-color":"","overlay-opacity":"","overlay-gradient":""},"tablet":{"background-color":"var(--ast-global-color-4)","background-image":"","background-repeat":"repeat","background-position":"center center","background-size":"auto","background-attachment":"scroll","background-type":"","background-media":"","overlay-type":"","overlay-color":"","overlay-opacity":"","overlay-gradient":""},"mobile":{"background-color":"var(--ast-global-color-4)","background-image":"","background-repeat":"repeat","background-position":"center center","background-size":"auto","background-attachment":"scroll","background-type":"","background-media":"","overlay-type":"","overlay-color":"","overlay-opacity":"","overlay-gradient":""}},"footnotes":""},"class_list":["post-1120","page","type-page","status-publish","hentry"],"_links":{"self":[{"href":"https:\/\/www.bbdjteam.si\/index.php?rest_route=\/wp\/v2\/pages\/1120","targetHints":{"allow":["GET"]}}],"collection":[{"href":"https:\/\/www.bbdjteam.si\/index.php?rest_route=\/wp\/v2\/pages"}],"about":[{"href":"https:\/\/www.bbdjteam.si\/index.php?rest_route=\/wp\/v2\/types\/page"}],"author":[{"embeddable":true,"href":"https:\/\/www.bbdjteam.si\/index.php?rest_route=\/wp\/v2\/users\/1"}],"replies":[{"embeddable":true,"href":"https:\/\/www.bbdjteam.si\/index.php?rest_route=%2Fwp%2Fv2%2Fcomments&post=1120"}],"version-history":[{"count":0,"href":"https:\/\/www.bbdjteam.si\/index.php?rest_route=\/wp\/v2\/pages\/1120\/revisions"}],"wp:attachment":[{"href":"https:\/\/www.bbdjteam.si\/index.php?rest_route=%2Fwp%2Fv2%2Fmedia&parent=1120"}],"curies":[{"name":"wp","href":"https:\/\/api.w.org\/{rel}","templated":true}]}}