{"id":1099,"date":"2019-08-25T21:32:39","date_gmt":"2019-08-25T19:32:39","guid":{"rendered":"https:\/\/www.bbdjteam.si\/?page_id=1099"},"modified":"2021-12-22T11:18:19","modified_gmt":"2021-12-22T09:18:19","slug":"foto-stojnica","status":"publish","type":"page","link":"https:\/\/www.bbdjteam.si\/?page_id=1099","title":{"rendered":"Foto-stojnica"},"content":{"rendered":"\n<h4><strong>Preveri razpolo\u017eljivost in ceno. Na voljo ve\u010d razli\u010dnih paketov.<\/strong><\/h4>\n<p>Foto-stojnico lahko dodamo v ponudbo za va\u0161o <strong>poro\u010dno<\/strong> ali drugo zabavo, lahko pa jo najamete tudi <strong>posamezno<\/strong>, za privat ali poslovni dogodek.<\/p>\n<p>Trenutno zagotovo&nbsp;<b>ena najbolj iskanih, za\u017eelenih naprav, ki popestri dogodke vseh vrst.<\/b><\/p>\n<p>Na voljo:<\/p>\n<ul>\n<li>razli\u010dna tematska ozadja<\/li>\n<li>razli\u010dni rekviziti za slikanje<\/li>\n<li>razli\u010dne scenografije<\/li>\n<li>brandiranje slik<\/li>\n<li>e-mail in dru\u017eabna omre\u017eja<\/li>\n<li>direktni print oz. tisk slik<\/li>\n<li>visoko kakovostni tisk fotografij<\/li>\n<li>fotografija natisnjena v&nbsp; manj kot 15 sekundah<\/li>\n<li>vse posnete fotografije lahko izvozimo na USB medij<\/li>\n<li>zagotovljena neskon\u010dna zabava<\/li>\n<li>prijazen in profesionalen tim, ki je stalno prisoten<\/li>\n<\/ul>\n<p>ve\u010d na: <a href=\"https:\/\/www.foto-stojnica.si\/\" target=\"_blank\" rel=\"noopener noreferrer\">FOTO-STOJNICA.SI<\/a><\/p>\n<p>&nbsp;<\/p>\n\n\n\n<div class=\"wp-block-group is-layout-flow wp-block-group-is-layout-flow\">\n<div class=\"wp-block-columns is-layout-flex wp-container-core-columns-is-layout-28f84493 wp-block-columns-is-layout-flex\">\n<div class=\"wp-block-column is-layout-flow wp-block-column-is-layout-flow\" style=\"flex-basis:100%\">\n<div class=\"wp-block-columns is-layout-flex wp-container-core-columns-is-layout-28f84493 wp-block-columns-is-layout-flex\">\n<div class=\"wp-block-column is-layout-flow wp-block-column-is-layout-flow\" style=\"flex-basis:100%\">\n<figure class=\"wp-block-gallery columns-1 is-cropped wp-block-gallery-1 is-layout-flex wp-block-gallery-is-layout-flex\"><ul class=\"blocks-gallery-grid\"><li class=\"blocks-gallery-item\"><figure><img loading=\"lazy\" decoding=\"async\" width=\"768\" height=\"1024\" src=\"https:\/\/www.bbdjteam.si\/wp-content\/uploads\/2021\/12\/20210821_184231-768x1024.jpg\" alt=\"\" data-id=\"1330\" data-full-url=\"https:\/\/www.bbdjteam.si\/wp-content\/uploads\/2021\/12\/20210821_184231-scaled.jpg\" data-link=\"https:\/\/www.bbdjteam.si\/?attachment_id=1330\" class=\"wp-image-1330\" srcset=\"https:\/\/www.bbdjteam.si\/wp-content\/uploads\/2021\/12\/20210821_184231-768x1024.jpg 768w, https:\/\/www.bbdjteam.si\/wp-content\/uploads\/2021\/12\/20210821_184231-225x300.jpg 225w, https:\/\/www.bbdjteam.si\/wp-content\/uploads\/2021\/12\/20210821_184231-1152x1536.jpg 1152w, https:\/\/www.bbdjteam.si\/wp-content\/uploads\/2021\/12\/20210821_184231-1536x2048.jpg 1536w, https:\/\/www.bbdjteam.si\/wp-content\/uploads\/2021\/12\/20210821_184231-300x400.jpg 300w, https:\/\/www.bbdjteam.si\/wp-content\/uploads\/2021\/12\/20210821_184231-scaled.jpg 1920w\" sizes=\"auto, (max-width: 768px) 100vw, 768px\" \/><\/figure><\/li><\/ul><\/figure>\n<\/div>\n<\/div>\n<\/div>\n<\/div>\n\n\n\n<figure class=\"wp-block-gallery aligncenter columns-3 is-cropped wp-block-gallery-2 is-layout-flex wp-block-gallery-is-layout-flex\"><ul class=\"blocks-gallery-grid\"><li class=\"blocks-gallery-item\"><figure><img loading=\"lazy\" decoding=\"async\" width=\"768\" height=\"1024\" src=\"https:\/\/www.bbdjteam.si\/wp-content\/uploads\/2021\/12\/IMG-3ed26dc1852d454a1a88a8525920e896-V-768x1024.jpg\" alt=\"\" data-id=\"1331\" data-full-url=\"https:\/\/www.bbdjteam.si\/wp-content\/uploads\/2021\/12\/IMG-3ed26dc1852d454a1a88a8525920e896-V.jpg\" data-link=\"https:\/\/www.bbdjteam.si\/?attachment_id=1331\" class=\"wp-image-1331\" srcset=\"https:\/\/www.bbdjteam.si\/wp-content\/uploads\/2021\/12\/IMG-3ed26dc1852d454a1a88a8525920e896-V-768x1024.jpg 768w, https:\/\/www.bbdjteam.si\/wp-content\/uploads\/2021\/12\/IMG-3ed26dc1852d454a1a88a8525920e896-V-225x300.jpg 225w, https:\/\/www.bbdjteam.si\/wp-content\/uploads\/2021\/12\/IMG-3ed26dc1852d454a1a88a8525920e896-V-1152x1536.jpg 1152w, https:\/\/www.bbdjteam.si\/wp-content\/uploads\/2021\/12\/IMG-3ed26dc1852d454a1a88a8525920e896-V-300x400.jpg 300w, https:\/\/www.bbdjteam.si\/wp-content\/uploads\/2021\/12\/IMG-3ed26dc1852d454a1a88a8525920e896-V.jpg 1200w\" sizes=\"auto, (max-width: 768px) 100vw, 768px\" \/><\/figure><\/li><li class=\"blocks-gallery-item\"><figure><img loading=\"lazy\" decoding=\"async\" width=\"1024\" height=\"576\" src=\"https:\/\/www.bbdjteam.si\/wp-content\/uploads\/2021\/12\/IMG-4937b3ffd8448753e667977ba1e45872-V-1024x576.jpg\" alt=\"\" data-id=\"1332\" data-full-url=\"https:\/\/www.bbdjteam.si\/wp-content\/uploads\/2021\/12\/IMG-4937b3ffd8448753e667977ba1e45872-V.jpg\" data-link=\"https:\/\/www.bbdjteam.si\/?attachment_id=1332\" class=\"wp-image-1332\" srcset=\"https:\/\/www.bbdjteam.si\/wp-content\/uploads\/2021\/12\/IMG-4937b3ffd8448753e667977ba1e45872-V-1024x576.jpg 1024w, https:\/\/www.bbdjteam.si\/wp-content\/uploads\/2021\/12\/IMG-4937b3ffd8448753e667977ba1e45872-V-300x169.jpg 300w, https:\/\/www.bbdjteam.si\/wp-content\/uploads\/2021\/12\/IMG-4937b3ffd8448753e667977ba1e45872-V-768x432.jpg 768w, https:\/\/www.bbdjteam.si\/wp-content\/uploads\/2021\/12\/IMG-4937b3ffd8448753e667977ba1e45872-V-1536x864.jpg 1536w, https:\/\/www.bbdjteam.si\/wp-content\/uploads\/2021\/12\/IMG-4937b3ffd8448753e667977ba1e45872-V-711x400.jpg 711w, https:\/\/www.bbdjteam.si\/wp-content\/uploads\/2021\/12\/IMG-4937b3ffd8448753e667977ba1e45872-V.jpg 1800w\" sizes=\"auto, (max-width: 1024px) 100vw, 1024px\" \/><\/figure><\/li><li class=\"blocks-gallery-item\"><figure><img loading=\"lazy\" decoding=\"async\" width=\"768\" height=\"1024\" src=\"https:\/\/www.bbdjteam.si\/wp-content\/uploads\/2021\/12\/20210731_175044-768x1024.jpg\" alt=\"\" data-id=\"1333\" data-full-url=\"https:\/\/www.bbdjteam.si\/wp-content\/uploads\/2021\/12\/20210731_175044-scaled.jpg\" data-link=\"https:\/\/www.bbdjteam.si\/?attachment_id=1333\" class=\"wp-image-1333\" srcset=\"https:\/\/www.bbdjteam.si\/wp-content\/uploads\/2021\/12\/20210731_175044-768x1024.jpg 768w, https:\/\/www.bbdjteam.si\/wp-content\/uploads\/2021\/12\/20210731_175044-225x300.jpg 225w, https:\/\/www.bbdjteam.si\/wp-content\/uploads\/2021\/12\/20210731_175044-1152x1536.jpg 1152w, https:\/\/www.bbdjteam.si\/wp-content\/uploads\/2021\/12\/20210731_175044-1536x2048.jpg 1536w, https:\/\/www.bbdjteam.si\/wp-content\/uploads\/2021\/12\/20210731_175044-300x400.jpg 300w, https:\/\/www.bbdjteam.si\/wp-content\/uploads\/2021\/12\/20210731_175044-scaled.jpg 1920w\" sizes=\"auto, (max-width: 768px) 100vw, 768px\" \/><\/figure><\/li><li class=\"blocks-gallery-item\"><figure><img loading=\"lazy\" decoding=\"async\" width=\"768\" height=\"1024\" src=\"https:\/\/www.bbdjteam.si\/wp-content\/uploads\/2021\/12\/20210821_181254-768x1024.jpg\" alt=\"\" data-id=\"1334\" data-full-url=\"https:\/\/www.bbdjteam.si\/wp-content\/uploads\/2021\/12\/20210821_181254-scaled.jpg\" data-link=\"https:\/\/www.bbdjteam.si\/?attachment_id=1334\" class=\"wp-image-1334\" srcset=\"https:\/\/www.bbdjteam.si\/wp-content\/uploads\/2021\/12\/20210821_181254-768x1024.jpg 768w, https:\/\/www.bbdjteam.si\/wp-content\/uploads\/2021\/12\/20210821_181254-225x300.jpg 225w, https:\/\/www.bbdjteam.si\/wp-content\/uploads\/2021\/12\/20210821_181254-1152x1536.jpg 1152w, https:\/\/www.bbdjteam.si\/wp-content\/uploads\/2021\/12\/20210821_181254-1536x2048.jpg 1536w, https:\/\/www.bbdjteam.si\/wp-content\/uploads\/2021\/12\/20210821_181254-300x400.jpg 300w, https:\/\/www.bbdjteam.si\/wp-content\/uploads\/2021\/12\/20210821_181254-scaled.jpg 1920w\" sizes=\"auto, (max-width: 768px) 100vw, 768px\" \/><\/figure><\/li><li class=\"blocks-gallery-item\"><figure><img loading=\"lazy\" decoding=\"async\" width=\"768\" height=\"1024\" src=\"https:\/\/www.bbdjteam.si\/wp-content\/uploads\/2021\/12\/20210821_184231-1-768x1024.jpg\" alt=\"\" data-id=\"1335\" data-full-url=\"https:\/\/www.bbdjteam.si\/wp-content\/uploads\/2021\/12\/20210821_184231-1-scaled.jpg\" data-link=\"https:\/\/www.bbdjteam.si\/?attachment_id=1335\" class=\"wp-image-1335\" srcset=\"https:\/\/www.bbdjteam.si\/wp-content\/uploads\/2021\/12\/20210821_184231-1-768x1024.jpg 768w, https:\/\/www.bbdjteam.si\/wp-content\/uploads\/2021\/12\/20210821_184231-1-225x300.jpg 225w, https:\/\/www.bbdjteam.si\/wp-content\/uploads\/2021\/12\/20210821_184231-1-1152x1536.jpg 1152w, https:\/\/www.bbdjteam.si\/wp-content\/uploads\/2021\/12\/20210821_184231-1-1536x2048.jpg 1536w, https:\/\/www.bbdjteam.si\/wp-content\/uploads\/2021\/12\/20210821_184231-1-300x400.jpg 300w, https:\/\/www.bbdjteam.si\/wp-content\/uploads\/2021\/12\/20210821_184231-1-scaled.jpg 1920w\" sizes=\"auto, (max-width: 768px) 100vw, 768px\" \/><\/figure><\/li><li class=\"blocks-gallery-item\"><figure><img loading=\"lazy\" decoding=\"async\" width=\"768\" height=\"1024\" src=\"https:\/\/www.bbdjteam.si\/wp-content\/uploads\/2021\/12\/20210910_195055-768x1024.jpg\" alt=\"\" data-id=\"1336\" data-full-url=\"https:\/\/www.bbdjteam.si\/wp-content\/uploads\/2021\/12\/20210910_195055-scaled.jpg\" data-link=\"https:\/\/www.bbdjteam.si\/?attachment_id=1336\" class=\"wp-image-1336\" srcset=\"https:\/\/www.bbdjteam.si\/wp-content\/uploads\/2021\/12\/20210910_195055-768x1024.jpg 768w, https:\/\/www.bbdjteam.si\/wp-content\/uploads\/2021\/12\/20210910_195055-225x300.jpg 225w, https:\/\/www.bbdjteam.si\/wp-content\/uploads\/2021\/12\/20210910_195055-1152x1536.jpg 1152w, https:\/\/www.bbdjteam.si\/wp-content\/uploads\/2021\/12\/20210910_195055-1536x2048.jpg 1536w, https:\/\/www.bbdjteam.si\/wp-content\/uploads\/2021\/12\/20210910_195055-300x400.jpg 300w, https:\/\/www.bbdjteam.si\/wp-content\/uploads\/2021\/12\/20210910_195055-scaled.jpg 1920w\" sizes=\"auto, (max-width: 768px) 100vw, 768px\" \/><\/figure><\/li><li class=\"blocks-gallery-item\"><figure><img loading=\"lazy\" decoding=\"async\" width=\"768\" height=\"1024\" src=\"https:\/\/www.bbdjteam.si\/wp-content\/uploads\/2021\/12\/20210910_224257-768x1024.jpg\" alt=\"\" data-id=\"1337\" data-full-url=\"https:\/\/www.bbdjteam.si\/wp-content\/uploads\/2021\/12\/20210910_224257-scaled.jpg\" data-link=\"https:\/\/www.bbdjteam.si\/?attachment_id=1337\" class=\"wp-image-1337\" srcset=\"https:\/\/www.bbdjteam.si\/wp-content\/uploads\/2021\/12\/20210910_224257-768x1024.jpg 768w, https:\/\/www.bbdjteam.si\/wp-content\/uploads\/2021\/12\/20210910_224257-225x300.jpg 225w, https:\/\/www.bbdjteam.si\/wp-content\/uploads\/2021\/12\/20210910_224257-1152x1536.jpg 1152w, https:\/\/www.bbdjteam.si\/wp-content\/uploads\/2021\/12\/20210910_224257-1536x2048.jpg 1536w, https:\/\/www.bbdjteam.si\/wp-content\/uploads\/2021\/12\/20210910_224257-300x400.jpg 300w, https:\/\/www.bbdjteam.si\/wp-content\/uploads\/2021\/12\/20210910_224257-scaled.jpg 1920w\" sizes=\"auto, (max-width: 768px) 100vw, 768px\" \/><\/figure><\/li><li class=\"blocks-gallery-item\"><figure><img loading=\"lazy\" decoding=\"async\" width=\"768\" height=\"1024\" src=\"https:\/\/www.bbdjteam.si\/wp-content\/uploads\/2021\/12\/20210910_231947-768x1024.jpg\" alt=\"\" data-id=\"1338\" data-full-url=\"https:\/\/www.bbdjteam.si\/wp-content\/uploads\/2021\/12\/20210910_231947-scaled.jpg\" data-link=\"https:\/\/www.bbdjteam.si\/?attachment_id=1338\" class=\"wp-image-1338\" srcset=\"https:\/\/www.bbdjteam.si\/wp-content\/uploads\/2021\/12\/20210910_231947-768x1024.jpg 768w, https:\/\/www.bbdjteam.si\/wp-content\/uploads\/2021\/12\/20210910_231947-225x300.jpg 225w, https:\/\/www.bbdjteam.si\/wp-content\/uploads\/2021\/12\/20210910_231947-1152x1536.jpg 1152w, https:\/\/www.bbdjteam.si\/wp-content\/uploads\/2021\/12\/20210910_231947-1536x2048.jpg 1536w, https:\/\/www.bbdjteam.si\/wp-content\/uploads\/2021\/12\/20210910_231947-300x400.jpg 300w, https:\/\/www.bbdjteam.si\/wp-content\/uploads\/2021\/12\/20210910_231947-scaled.jpg 1920w\" sizes=\"auto, (max-width: 768px) 100vw, 768px\" \/><\/figure><\/li><li class=\"blocks-gallery-item\"><figure><img loading=\"lazy\" decoding=\"async\" width=\"1024\" height=\"768\" src=\"https:\/\/www.bbdjteam.si\/wp-content\/uploads\/2021\/12\/20211023_152949-1024x768.jpg\" alt=\"\" data-id=\"1339\" data-full-url=\"https:\/\/www.bbdjteam.si\/wp-content\/uploads\/2021\/12\/20211023_152949-scaled.jpg\" data-link=\"https:\/\/www.bbdjteam.si\/?attachment_id=1339\" class=\"wp-image-1339\" srcset=\"https:\/\/www.bbdjteam.si\/wp-content\/uploads\/2021\/12\/20211023_152949-1024x768.jpg 1024w, https:\/\/www.bbdjteam.si\/wp-content\/uploads\/2021\/12\/20211023_152949-300x225.jpg 300w, https:\/\/www.bbdjteam.si\/wp-content\/uploads\/2021\/12\/20211023_152949-768x576.jpg 768w, https:\/\/www.bbdjteam.si\/wp-content\/uploads\/2021\/12\/20211023_152949-1536x1152.jpg 1536w, https:\/\/www.bbdjteam.si\/wp-content\/uploads\/2021\/12\/20211023_152949-2048x1536.jpg 2048w, https:\/\/www.bbdjteam.si\/wp-content\/uploads\/2021\/12\/20211023_152949-533x400.jpg 533w\" sizes=\"auto, (max-width: 1024px) 100vw, 1024px\" \/><\/figure><\/li><li class=\"blocks-gallery-item\"><figure><img loading=\"lazy\" decoding=\"async\" width=\"768\" height=\"1024\" src=\"https:\/\/www.bbdjteam.si\/wp-content\/uploads\/2021\/12\/20211023_153531-768x1024.jpg\" alt=\"\" data-id=\"1340\" data-full-url=\"https:\/\/www.bbdjteam.si\/wp-content\/uploads\/2021\/12\/20211023_153531-scaled.jpg\" data-link=\"https:\/\/www.bbdjteam.si\/?attachment_id=1340\" class=\"wp-image-1340\" srcset=\"https:\/\/www.bbdjteam.si\/wp-content\/uploads\/2021\/12\/20211023_153531-768x1024.jpg 768w, https:\/\/www.bbdjteam.si\/wp-content\/uploads\/2021\/12\/20211023_153531-225x300.jpg 225w, https:\/\/www.bbdjteam.si\/wp-content\/uploads\/2021\/12\/20211023_153531-1152x1536.jpg 1152w, https:\/\/www.bbdjteam.si\/wp-content\/uploads\/2021\/12\/20211023_153531-1536x2048.jpg 1536w, https:\/\/www.bbdjteam.si\/wp-content\/uploads\/2021\/12\/20211023_153531-300x400.jpg 300w, https:\/\/www.bbdjteam.si\/wp-content\/uploads\/2021\/12\/20211023_153531-scaled.jpg 1920w\" sizes=\"auto, (max-width: 768px) 100vw, 768px\" \/><\/figure><\/li><li class=\"blocks-gallery-item\"><figure><img loading=\"lazy\" decoding=\"async\" width=\"768\" height=\"1024\" src=\"https:\/\/www.bbdjteam.si\/wp-content\/uploads\/2021\/12\/20211023_153613-768x1024.jpg\" alt=\"\" data-id=\"1341\" data-full-url=\"https:\/\/www.bbdjteam.si\/wp-content\/uploads\/2021\/12\/20211023_153613-scaled.jpg\" data-link=\"https:\/\/www.bbdjteam.si\/?attachment_id=1341\" class=\"wp-image-1341\" srcset=\"https:\/\/www.bbdjteam.si\/wp-content\/uploads\/2021\/12\/20211023_153613-768x1024.jpg 768w, https:\/\/www.bbdjteam.si\/wp-content\/uploads\/2021\/12\/20211023_153613-225x300.jpg 225w, https:\/\/www.bbdjteam.si\/wp-content\/uploads\/2021\/12\/20211023_153613-1152x1536.jpg 1152w, https:\/\/www.bbdjteam.si\/wp-content\/uploads\/2021\/12\/20211023_153613-1536x2048.jpg 1536w, https:\/\/www.bbdjteam.si\/wp-content\/uploads\/2021\/12\/20211023_153613-300x400.jpg 300w, https:\/\/www.bbdjteam.si\/wp-content\/uploads\/2021\/12\/20211023_153613-scaled.jpg 1920w\" sizes=\"auto, (max-width: 768px) 100vw, 768px\" \/><\/figure><\/li><li class=\"blocks-gallery-item\"><figure><img loading=\"lazy\" decoding=\"async\" width=\"768\" height=\"1024\" src=\"https:\/\/www.bbdjteam.si\/wp-content\/uploads\/2021\/12\/20211023_161528-768x1024.jpg\" alt=\"\" data-id=\"1343\" data-full-url=\"https:\/\/www.bbdjteam.si\/wp-content\/uploads\/2021\/12\/20211023_161528-scaled.jpg\" data-link=\"https:\/\/www.bbdjteam.si\/?attachment_id=1343\" class=\"wp-image-1343\" srcset=\"https:\/\/www.bbdjteam.si\/wp-content\/uploads\/2021\/12\/20211023_161528-768x1024.jpg 768w, https:\/\/www.bbdjteam.si\/wp-content\/uploads\/2021\/12\/20211023_161528-225x300.jpg 225w, https:\/\/www.bbdjteam.si\/wp-content\/uploads\/2021\/12\/20211023_161528-1152x1536.jpg 1152w, https:\/\/www.bbdjteam.si\/wp-content\/uploads\/2021\/12\/20211023_161528-1536x2048.jpg 1536w, https:\/\/www.bbdjteam.si\/wp-content\/uploads\/2021\/12\/20211023_161528-300x400.jpg 300w, https:\/\/www.bbdjteam.si\/wp-content\/uploads\/2021\/12\/20211023_161528-scaled.jpg 1920w\" sizes=\"auto, (max-width: 768px) 100vw, 768px\" \/><\/figure><\/li><li class=\"blocks-gallery-item\"><figure><img loading=\"lazy\" decoding=\"async\" width=\"768\" height=\"1024\" src=\"https:\/\/www.bbdjteam.si\/wp-content\/uploads\/2021\/12\/20211023_161246-768x1024.jpg\" alt=\"\" data-id=\"1342\" data-full-url=\"https:\/\/www.bbdjteam.si\/wp-content\/uploads\/2021\/12\/20211023_161246-scaled.jpg\" data-link=\"https:\/\/www.bbdjteam.si\/?attachment_id=1342\" class=\"wp-image-1342\" srcset=\"https:\/\/www.bbdjteam.si\/wp-content\/uploads\/2021\/12\/20211023_161246-768x1024.jpg 768w, https:\/\/www.bbdjteam.si\/wp-content\/uploads\/2021\/12\/20211023_161246-225x300.jpg 225w, https:\/\/www.bbdjteam.si\/wp-content\/uploads\/2021\/12\/20211023_161246-1152x1536.jpg 1152w, https:\/\/www.bbdjteam.si\/wp-content\/uploads\/2021\/12\/20211023_161246-1536x2048.jpg 1536w, https:\/\/www.bbdjteam.si\/wp-content\/uploads\/2021\/12\/20211023_161246-300x400.jpg 300w, https:\/\/www.bbdjteam.si\/wp-content\/uploads\/2021\/12\/20211023_161246-scaled.jpg 1920w\" sizes=\"auto, (max-width: 768px) 100vw, 768px\" \/><\/figure><\/li><\/ul><\/figure>\n<\/div>\n","protected":false},"excerpt":{"rendered":"<p>Preveri razpolo\u017eljivost in ceno. Na voljo ve\u010d razli\u010dnih paketov. Foto-stojnico lahko dodamo v ponudbo za va\u0161o poro\u010dno ali drugo zabavo, [&hellip;]<\/p>\n","protected":false},"author":2,"featured_media":0,"parent":0,"menu_order":0,"comment_status":"closed","ping_status":"closed","template":"","meta":{"site-sidebar-layout":"default","site-content-layout":"","ast-site-content-layout":"default","site-content-style":"default","site-sidebar-style":"default","ast-global-header-display":"","ast-banner-title-visibility":"","ast-main-header-display":"","ast-hfb-above-header-display":"","ast-hfb-below-header-display":"","ast-hfb-mobile-header-display":"","site-post-title":"","ast-breadcrumbs-content":"","ast-featured-img":"","footer-sml-layout":"","ast-disable-related-posts":"","theme-transparent-header-meta":"","adv-header-id-meta":"","stick-header-meta":"","header-above-stick-meta":"","header-main-stick-meta":"","header-below-stick-meta":"","astra-migrate-meta-layouts":"default","ast-page-background-enabled":"default","ast-page-background-meta":{"desktop":{"background-color":"var(--ast-global-color-5)","background-image":"","background-repeat":"repeat","background-position":"center center","background-size":"auto","background-attachment":"scroll","background-type":"","background-media":"","overlay-type":"","overlay-color":"","overlay-opacity":"","overlay-gradient":""},"tablet":{"background-color":"","background-image":"","background-repeat":"repeat","background-position":"center center","background-size":"auto","background-attachment":"scroll","background-type":"","background-media":"","overlay-type":"","overlay-color":"","overlay-opacity":"","overlay-gradient":""},"mobile":{"background-color":"","background-image":"","background-repeat":"repeat","background-position":"center center","background-size":"auto","background-attachment":"scroll","background-type":"","background-media":"","overlay-type":"","overlay-color":"","overlay-opacity":"","overlay-gradient":""}},"ast-content-background-meta":{"desktop":{"background-color":"var(--ast-global-color-4)","background-image":"","background-repeat":"repeat","background-position":"center center","background-size":"auto","background-attachment":"scroll","background-type":"","background-media":"","overlay-type":"","overlay-color":"","overlay-opacity":"","overlay-gradient":""},"tablet":{"background-color":"var(--ast-global-color-4)","background-image":"","background-repeat":"repeat","background-position":"center center","background-size":"auto","background-attachment":"scroll","background-type":"","background-media":"","overlay-type":"","overlay-color":"","overlay-opacity":"","overlay-gradient":""},"mobile":{"background-color":"var(--ast-global-color-4)","background-image":"","background-repeat":"repeat","background-position":"center center","background-size":"auto","background-attachment":"scroll","background-type":"","background-media":"","overlay-type":"","overlay-color":"","overlay-opacity":"","overlay-gradient":""}},"footnotes":""},"class_list":["post-1099","page","type-page","status-publish","hentry"],"_links":{"self":[{"href":"https:\/\/www.bbdjteam.si\/index.php?rest_route=\/wp\/v2\/pages\/1099","targetHints":{"allow":["GET"]}}],"collection":[{"href":"https:\/\/www.bbdjteam.si\/index.php?rest_route=\/wp\/v2\/pages"}],"about":[{"href":"https:\/\/www.bbdjteam.si\/index.php?rest_route=\/wp\/v2\/types\/page"}],"author":[{"embeddable":true,"href":"https:\/\/www.bbdjteam.si\/index.php?rest_route=\/wp\/v2\/users\/2"}],"replies":[{"embeddable":true,"href":"https:\/\/www.bbdjteam.si\/index.php?rest_route=%2Fwp%2Fv2%2Fcomments&post=1099"}],"version-history":[{"count":0,"href":"https:\/\/www.bbdjteam.si\/index.php?rest_route=\/wp\/v2\/pages\/1099\/revisions"}],"wp:attachment":[{"href":"https:\/\/www.bbdjteam.si\/index.php?rest_route=%2Fwp%2Fv2%2Fmedia&parent=1099"}],"curies":[{"name":"wp","href":"https:\/\/api.w.org\/{rel}","templated":true}]}}